{"id":318,"date":"2019-11-16T18:15:24","date_gmt":"2019-11-16T17:15:24","guid":{"rendered":"https:\/\/ferrersenabre.com\/isabel\/?page_id=318"},"modified":"2019-11-16T18:15:24","modified_gmt":"2019-11-16T17:15:24","slug":"musicant","status":"publish","type":"page","link":"https:\/\/ferrersenabre.com\/isabel\/musicant\/","title":{"rendered":"Musicant"},"content":{"rendered":"\n<h6 class=\"wp-block-heading\">Secci\u00f3 del programa Al Ras de l&#8217;emissora \u00c0 Punt R\u00e0dio<\/h6>\n\n\n\n<p><a href=\"https:\/\/apuntmedia.es\/va\/a-la-carta\/programes\/escoltat-en-la-radio\/al-ras\/09-07-2018-tercera-hora?fbclid=IwAR3u9OP3SY_Gp3elNPEB_dYNLAxR8WH_HZYyi-cSRmlPePi9TqtQnZ1plVc\">Himnes nacionals<\/a> (7 de juliol de 2018)<\/p>\n\n\n<audio class=\"wp-audio-shortcode\" id=\"audio-318-1\" preload=\"none\" style=\"width: 100%;\" controls=\"controls\"><source type=\"audio\/mpeg\" src=\"http:\/\/ferrersenabre.com\/isabel\/wp-content\/uploads\/2018\/11\/01_09072018-Himnes.mp3?_=1\" \/><a href=\"http:\/\/ferrersenabre.com\/isabel\/wp-content\/uploads\/2018\/11\/01_09072018-Himnes.mp3\">http:\/\/ferrersenabre.com\/isabel\/wp-content\/uploads\/2018\/11\/01_09072018-Himnes.mp3<\/a><\/audio>\n<hr \/>\n<p><a href=\"https:\/\/apuntmedia.es\/va\/a-la-carta\/programes\/escoltat-en-la-radio\/al-ras\/16-07-2018-tercera-hora?fbclid=IwAR241meeGYF0onsxpBXrXwBsmM11967bNyU3b5JyFGRD8jLhmM43I8aIZrw\">Espais per al ball (I): entre el 1920 i el 1940<\/a> (16 de juliol de 2018)<\/p>\n<audio class=\"wp-audio-shortcode\" id=\"audio-318-2\" preload=\"none\" style=\"width: 100%;\" controls=\"controls\"><source type=\"audio\/mpeg\" src=\"http:\/\/ferrersenabre.com\/isabel\/wp-content\/uploads\/2018\/11\/02_16072018-Espais-pel-ball-I.mp3?_=2\" \/><a href=\"http:\/\/ferrersenabre.com\/isabel\/wp-content\/uploads\/2018\/11\/02_16072018-Espais-pel-ball-I.mp3\">http:\/\/ferrersenabre.com\/isabel\/wp-content\/uploads\/2018\/11\/02_16072018-Espais-pel-ball-I.mp3<\/a><\/audio>\n<hr \/>\n<p><a href=\"https:\/\/apuntmedia.es\/va\/a-la-carta\/programes\/escoltat-en-la-radio\/al-ras\/23-07-2018-tercera-hora?fbclid=IwAR1JwaUMo2dCaTSP37SAvcnBDCUgISf70XGOA0HhmOIRxyOSqdvAKtu-5lg\">Apropiaci\u00f3 cultural a trav\u00e9s de la m\u00fasica<\/a> (23 de juliol de 2018)<\/p>\n<audio class=\"wp-audio-shortcode\" id=\"audio-318-3\" preload=\"none\" style=\"width: 100%;\" controls=\"controls\"><source type=\"audio\/mpeg\" src=\"http:\/\/ferrersenabre.com\/isabel\/wp-content\/uploads\/2018\/11\/03_23072018-_-Apropiaci\u00f3-cultural.mp3?_=3\" \/><a href=\"http:\/\/ferrersenabre.com\/isabel\/wp-content\/uploads\/2018\/11\/03_23072018-_-Apropiaci\u00f3-cultural.mp3\">http:\/\/ferrersenabre.com\/isabel\/wp-content\/uploads\/2018\/11\/03_23072018-_-Apropiaci\u00f3-cultural.mp3<\/a><\/audio>\n<hr \/>\n<p><a href=\"https:\/\/apuntmedia.es\/va\/a-la-carta\/programes\/escoltat-en-la-radio\/al-ras\/30-07-2018-tercera-hora\">Musicoter\u00e0pia<\/a> (30 de juliol de 2018)<\/p>\n<audio class=\"wp-audio-shortcode\" id=\"audio-318-4\" preload=\"none\" style=\"width: 100%;\" controls=\"controls\"><source type=\"audio\/mpeg\" src=\"http:\/\/ferrersenabre.com\/isabel\/wp-content\/uploads\/2018\/11\/04_30072018-_-Musicoter\u00e0pia.mp3?_=4\" \/><a href=\"http:\/\/ferrersenabre.com\/isabel\/wp-content\/uploads\/2018\/11\/04_30072018-_-Musicoter\u00e0pia.mp3\">http:\/\/ferrersenabre.com\/isabel\/wp-content\/uploads\/2018\/11\/04_30072018-_-Musicoter\u00e0pia.mp3<\/a><\/audio>\n<hr \/>\n<p><a href=\"https:\/\/apuntmedia.es\/va\/a-la-carta\/programes\/escoltat-en-la-radio\/al-ras\/06-08-2018-tercera-hora?fbclid=IwAR12UvE2EjXL-_9-DjhQk6ztVewH76otOF05vGYnR93rR8skeeG3ac-ts2E\">M\u00fasica i g\u00e8nere sexual<\/a> (6 d&#8217;agost de 2018)<\/p>\n<audio class=\"wp-audio-shortcode\" id=\"audio-318-5\" preload=\"none\" style=\"width: 100%;\" controls=\"controls\"><source type=\"audio\/mpeg\" src=\"http:\/\/ferrersenabre.com\/isabel\/wp-content\/uploads\/2018\/11\/05_06082018-M\u00fasica-i-g\u00e8nere.mp3?_=5\" \/><a href=\"http:\/\/ferrersenabre.com\/isabel\/wp-content\/uploads\/2018\/11\/05_06082018-M\u00fasica-i-g\u00e8nere.mp3\">http:\/\/ferrersenabre.com\/isabel\/wp-content\/uploads\/2018\/11\/05_06082018-M\u00fasica-i-g\u00e8nere.mp3<\/a><\/audio>\n<hr \/>\n<p><a href=\"https:\/\/apuntmedia.es\/va\/a-la-carta\/programes\/escoltat-en-la-radio\/al-ras\/13-08-2018-tercera-hora\">Agrupacions musicals a les festes simb\u00f2liques valencianes<\/a> (13 d&#8217;agost de 2018)<\/p>\n<audio class=\"wp-audio-shortcode\" id=\"audio-318-6\" preload=\"none\" style=\"width: 100%;\" controls=\"controls\"><source type=\"audio\/mpeg\" src=\"http:\/\/ferrersenabre.com\/isabel\/wp-content\/uploads\/2018\/11\/06_13082018-_-Festes-simb\u00f2liques.mp3?_=6\" \/><a href=\"http:\/\/ferrersenabre.com\/isabel\/wp-content\/uploads\/2018\/11\/06_13082018-_-Festes-simb\u00f2liques.mp3\">http:\/\/ferrersenabre.com\/isabel\/wp-content\/uploads\/2018\/11\/06_13082018-_-Festes-simb\u00f2liques.mp3<\/a><\/audio>\n<hr \/>\n<p><a href=\"https:\/\/apuntmedia.es\/va\/a-la-carta\/programes\/escoltat-en-la-radio\/al-ras\/20-08-2018-tercera-hora?fbclid=IwAR1FRRqKJCct6u2NNYr-rB1IcQqRBq3J2eUE8Gj_DGW87pjOS0C1ApC3-Gc\">Espais per al ball (II): entre el 1940 i el 1950<\/a> (20 d&#8217;agost de 2018)<\/p>\n<audio class=\"wp-audio-shortcode\" id=\"audio-318-7\" preload=\"none\" style=\"width: 100%;\" controls=\"controls\"><source type=\"audio\/mpeg\" src=\"http:\/\/ferrersenabre.com\/isabel\/wp-content\/uploads\/2018\/11\/07_20082018-Espais-per-al-ball-II.mp3?_=7\" \/><a href=\"http:\/\/ferrersenabre.com\/isabel\/wp-content\/uploads\/2018\/11\/07_20082018-Espais-per-al-ball-II.mp3\">http:\/\/ferrersenabre.com\/isabel\/wp-content\/uploads\/2018\/11\/07_20082018-Espais-per-al-ball-II.mp3<\/a><\/audio>\n<hr \/>\n<p><a href=\"https:\/\/apuntmedia.es\/va\/a-la-carta\/programes\/escoltat-en-la-radio\/al-ras\/27-08-2018-tercera-hora?fbclid=IwAR0ewfACloDhOK2XTSXLAVAXzaQ7YerH1hCN4C6t-qgMAXrEZYxjW8o5aoY\">M\u00fasiques ambientals<\/a> (27 d&#8217;agost de 2018)<\/p>\n<audio class=\"wp-audio-shortcode\" id=\"audio-318-8\" preload=\"none\" style=\"width: 100%;\" controls=\"controls\"><source type=\"audio\/mpeg\" src=\"http:\/\/ferrersenabre.com\/isabel\/wp-content\/uploads\/2018\/11\/08_27082018-_-M\u00fasiques-ambientals.mp3?_=8\" \/><a href=\"http:\/\/ferrersenabre.com\/isabel\/wp-content\/uploads\/2018\/11\/08_27082018-_-M\u00fasiques-ambientals.mp3\">http:\/\/ferrersenabre.com\/isabel\/wp-content\/uploads\/2018\/11\/08_27082018-_-M\u00fasiques-ambientals.mp3<\/a><\/audio>\n<hr \/>\n<p><a href=\"https:\/\/apuntmedia.es\/va\/a-la-carta\/programes\/escoltat-en-la-radio\/al-ras\/03-09-2018-tercera-hora\">M\u00fasica i dictadures<\/a> (03 de setembre de 2018)<\/p>\n<audio class=\"wp-audio-shortcode\" id=\"audio-318-9\" preload=\"none\" style=\"width: 100%;\" controls=\"controls\"><source type=\"audio\/mpeg\" src=\"http:\/\/ferrersenabre.com\/isabel\/wp-content\/uploads\/2018\/11\/09_03092018-_-Dictadures.mp3?_=9\" \/><a href=\"http:\/\/ferrersenabre.com\/isabel\/wp-content\/uploads\/2018\/11\/09_03092018-_-Dictadures.mp3\">http:\/\/ferrersenabre.com\/isabel\/wp-content\/uploads\/2018\/11\/09_03092018-_-Dictadures.mp3<\/a><\/audio>\n<hr \/>\n<p><a href=\"https:\/\/apuntmedia.es\/va\/a-la-carta\/programes\/escoltat-en-la-radio\/al-ras\/10-09-2018-tercera-hora?fbclid=IwAR2M7hLUkR68gCy4voU95p-Eu4U_3z3ay-lGmceamJZaB2TnWRWyN9KWRw0\">M\u00fasica i educaci\u00f3<\/a> (10 de setembre de 2018)<\/p>\n<audio class=\"wp-audio-shortcode\" id=\"audio-318-10\" preload=\"none\" style=\"width: 100%;\" controls=\"controls\"><source type=\"audio\/mpeg\" src=\"http:\/\/ferrersenabre.com\/isabel\/wp-content\/uploads\/2018\/11\/10_10092018-_-M\u00fasica-i-educaci\u00f3.mp3?_=10\" \/><a href=\"http:\/\/ferrersenabre.com\/isabel\/wp-content\/uploads\/2018\/11\/10_10092018-_-M\u00fasica-i-educaci\u00f3.mp3\">http:\/\/ferrersenabre.com\/isabel\/wp-content\/uploads\/2018\/11\/10_10092018-_-M\u00fasica-i-educaci\u00f3.mp3<\/a><\/audio>\n<hr \/>\n<p><a href=\"https:\/\/apuntmedia.es\/va\/a-la-carta\/programes\/escoltat-en-la-radio\/al-ras\/17-09-2018-tercera-hora\">Mitjans d&#8217;enregistrament sonor<\/a> (17 de setembre de 2018)<\/p>\n<audio class=\"wp-audio-shortcode\" id=\"audio-318-11\" preload=\"none\" style=\"width: 100%;\" controls=\"controls\"><source type=\"audio\/mpeg\" src=\"http:\/\/ferrersenabre.com\/isabel\/wp-content\/uploads\/2018\/11\/11_17092018-_-Enregistrament.mp3?_=11\" \/><a href=\"http:\/\/ferrersenabre.com\/isabel\/wp-content\/uploads\/2018\/11\/11_17092018-_-Enregistrament.mp3\">http:\/\/ferrersenabre.com\/isabel\/wp-content\/uploads\/2018\/11\/11_17092018-_-Enregistrament.mp3<\/a><\/audio>\n<hr \/>\n<p><a href=\"https:\/\/apuntmedia.es\/va\/a-la-carta\/programes\/escoltat-en-la-radio\/al-ras\/24-09-2018-tercera-hora?fbclid=IwAR1VITASzyzOD_U-pfxxiB4v-ACWmsk8kU2CFNPeCZsKuQ4I58cSV0ppCKY\">Literatura per a pensar les m\u00fasiques<\/a> (24 de setembre de 2018)<\/p>\n<audio class=\"wp-audio-shortcode\" id=\"audio-318-12\" preload=\"none\" style=\"width: 100%;\" controls=\"controls\"><source type=\"audio\/mpeg\" src=\"http:\/\/ferrersenabre.com\/isabel\/wp-content\/uploads\/2018\/11\/12_24092018-_-Literatura.mp3?_=12\" \/><a href=\"http:\/\/ferrersenabre.com\/isabel\/wp-content\/uploads\/2018\/11\/12_24092018-_-Literatura.mp3\">http:\/\/ferrersenabre.com\/isabel\/wp-content\/uploads\/2018\/11\/12_24092018-_-Literatura.mp3<\/a><\/audio>","protected":false},"excerpt":{"rendered":"<p>Secci\u00f3 del programa Al Ras de l&#8217;emissora \u00c0 Punt R\u00e0dio Himnes nacionals (7 de juliol de 2018) Espais per al &hellip; <a class=\"more-link\" href=\"https:\/\/ferrersenabre.com\/isabel\/musicant\/\">M\u00e9s<\/a><\/p>\n","protected":false},"author":1,"featured_media":0,"parent":0,"menu_order":0,"comment_status":"closed","ping_status":"closed","template":"","meta":{"jetpack_post_was_ever_published":false,"footnotes":""},"class_list":["post-318","page","type-page","status-publish","hentry",""],"yoast_head":"<!-- This site is optimized with the Yoast SEO plugin v27.4 - https:\/\/yoast.com\/product\/yoast-seo-wordpress\/ -->\n<title>Musicant - Isabel Ferrer Senabre<\/title>\n<meta name=\"robots\" content=\"index, follow, max-snippet:-1, max-image-preview:large, max-video-preview:-1\" \/>\n<link rel=\"canonical\" href=\"https:\/\/ferrersenabre.com\/isabel\/musicant\/\" \/>\n<meta property=\"og:locale\" content=\"ca_ES\" \/>\n<meta property=\"og:type\" content=\"article\" \/>\n<meta property=\"og:title\" content=\"Musicant - Isabel Ferrer Senabre\" \/>\n<meta property=\"og:description\" content=\"Secci\u00f3 del programa Al Ras de l&#8217;emissora \u00c0 Punt R\u00e0dio Himnes nacionals (7 de juliol de 2018) Espais per al &hellip; M\u00e9s\" \/>\n<meta property=\"og:url\" content=\"https:\/\/ferrersenabre.com\/isabel\/musicant\/\" \/>\n<meta property=\"og:site_name\" content=\"Isabel Ferrer Senabre\" \/>\n<meta name=\"twitter:card\" content=\"summary_large_image\" \/>\n<meta name=\"twitter:label1\" content=\"Temps estimat de lectura\" \/>\n\t<meta name=\"twitter:data1\" content=\"1 minut\" \/>\n<script type=\"application\/ld+json\" class=\"yoast-schema-graph\">{\"@context\":\"https:\\\/\\\/schema.org\",\"@graph\":[{\"@type\":\"WebPage\",\"@id\":\"https:\\\/\\\/ferrersenabre.com\\\/isabel\\\/musicant\\\/\",\"url\":\"https:\\\/\\\/ferrersenabre.com\\\/isabel\\\/musicant\\\/\",\"name\":\"Musicant - Isabel Ferrer Senabre\",\"isPartOf\":{\"@id\":\"https:\\\/\\\/ferrersenabre.com\\\/isabel\\\/#website\"},\"datePublished\":\"2019-11-16T17:15:24+00:00\",\"breadcrumb\":{\"@id\":\"https:\\\/\\\/ferrersenabre.com\\\/isabel\\\/musicant\\\/#breadcrumb\"},\"inLanguage\":\"ca\",\"potentialAction\":[{\"@type\":\"ReadAction\",\"target\":[\"https:\\\/\\\/ferrersenabre.com\\\/isabel\\\/musicant\\\/\"]}]},{\"@type\":\"BreadcrumbList\",\"@id\":\"https:\\\/\\\/ferrersenabre.com\\\/isabel\\\/musicant\\\/#breadcrumb\",\"itemListElement\":[{\"@type\":\"ListItem\",\"position\":1,\"name\":\"Inici\",\"item\":\"https:\\\/\\\/ferrersenabre.com\\\/isabel\\\/\"},{\"@type\":\"ListItem\",\"position\":2,\"name\":\"Musicant\"}]},{\"@type\":\"WebSite\",\"@id\":\"https:\\\/\\\/ferrersenabre.com\\\/isabel\\\/#website\",\"url\":\"https:\\\/\\\/ferrersenabre.com\\\/isabel\\\/\",\"name\":\"Isabel Ferrer Senabre\",\"description\":\"Music\u00f2loga\",\"publisher\":{\"@id\":\"https:\\\/\\\/ferrersenabre.com\\\/isabel\\\/#\\\/schema\\\/person\\\/457531cb41fc01c1b6676c978e0dda6a\"},\"potentialAction\":[{\"@type\":\"SearchAction\",\"target\":{\"@type\":\"EntryPoint\",\"urlTemplate\":\"https:\\\/\\\/ferrersenabre.com\\\/isabel\\\/?s={search_term_string}\"},\"query-input\":{\"@type\":\"PropertyValueSpecification\",\"valueRequired\":true,\"valueName\":\"search_term_string\"}}],\"inLanguage\":\"ca\"},{\"@type\":[\"Person\",\"Organization\"],\"@id\":\"https:\\\/\\\/ferrersenabre.com\\\/isabel\\\/#\\\/schema\\\/person\\\/457531cb41fc01c1b6676c978e0dda6a\",\"name\":\"isabel\",\"image\":{\"@type\":\"ImageObject\",\"inLanguage\":\"ca\",\"@id\":\"https:\\\/\\\/secure.gravatar.com\\\/avatar\\\/36088a98412757fa80f5ec755699904dc651bf39967c68e42d1c3a10675ae5ca?s=96&d=mm&r=g\",\"url\":\"https:\\\/\\\/secure.gravatar.com\\\/avatar\\\/36088a98412757fa80f5ec755699904dc651bf39967c68e42d1c3a10675ae5ca?s=96&d=mm&r=g\",\"contentUrl\":\"https:\\\/\\\/secure.gravatar.com\\\/avatar\\\/36088a98412757fa80f5ec755699904dc651bf39967c68e42d1c3a10675ae5ca?s=96&d=mm&r=g\",\"caption\":\"isabel\"},\"logo\":{\"@id\":\"https:\\\/\\\/secure.gravatar.com\\\/avatar\\\/36088a98412757fa80f5ec755699904dc651bf39967c68e42d1c3a10675ae5ca?s=96&d=mm&r=g\"}}]}<\/script>\n<!-- \/ Yoast SEO plugin. -->","yoast_head_json":{"title":"Musicant - Isabel Ferrer Senabre","robots":{"index":"index","follow":"follow","max-snippet":"max-snippet:-1","max-image-preview":"max-image-preview:large","max-video-preview":"max-video-preview:-1"},"canonical":"https:\/\/ferrersenabre.com\/isabel\/musicant\/","og_locale":"ca_ES","og_type":"article","og_title":"Musicant - Isabel Ferrer Senabre","og_description":"Secci\u00f3 del programa Al Ras de l&#8217;emissora \u00c0 Punt R\u00e0dio Himnes nacionals (7 de juliol de 2018) Espais per al &hellip; M\u00e9s","og_url":"https:\/\/ferrersenabre.com\/isabel\/musicant\/","og_site_name":"Isabel Ferrer Senabre","twitter_card":"summary_large_image","twitter_misc":{"Temps estimat de lectura":"1 minut"},"schema":{"@context":"https:\/\/schema.org","@graph":[{"@type":"WebPage","@id":"https:\/\/ferrersenabre.com\/isabel\/musicant\/","url":"https:\/\/ferrersenabre.com\/isabel\/musicant\/","name":"Musicant - Isabel Ferrer Senabre","isPartOf":{"@id":"https:\/\/ferrersenabre.com\/isabel\/#website"},"datePublished":"2019-11-16T17:15:24+00:00","breadcrumb":{"@id":"https:\/\/ferrersenabre.com\/isabel\/musicant\/#breadcrumb"},"inLanguage":"ca","potentialAction":[{"@type":"ReadAction","target":["https:\/\/ferrersenabre.com\/isabel\/musicant\/"]}]},{"@type":"BreadcrumbList","@id":"https:\/\/ferrersenabre.com\/isabel\/musicant\/#breadcrumb","itemListElement":[{"@type":"ListItem","position":1,"name":"Inici","item":"https:\/\/ferrersenabre.com\/isabel\/"},{"@type":"ListItem","position":2,"name":"Musicant"}]},{"@type":"WebSite","@id":"https:\/\/ferrersenabre.com\/isabel\/#website","url":"https:\/\/ferrersenabre.com\/isabel\/","name":"Isabel Ferrer Senabre","description":"Music\u00f2loga","publisher":{"@id":"https:\/\/ferrersenabre.com\/isabel\/#\/schema\/person\/457531cb41fc01c1b6676c978e0dda6a"},"potentialAction":[{"@type":"SearchAction","target":{"@type":"EntryPoint","urlTemplate":"https:\/\/ferrersenabre.com\/isabel\/?s={search_term_string}"},"query-input":{"@type":"PropertyValueSpecification","valueRequired":true,"valueName":"search_term_string"}}],"inLanguage":"ca"},{"@type":["Person","Organization"],"@id":"https:\/\/ferrersenabre.com\/isabel\/#\/schema\/person\/457531cb41fc01c1b6676c978e0dda6a","name":"isabel","image":{"@type":"ImageObject","inLanguage":"ca","@id":"https:\/\/secure.gravatar.com\/avatar\/36088a98412757fa80f5ec755699904dc651bf39967c68e42d1c3a10675ae5ca?s=96&d=mm&r=g","url":"https:\/\/secure.gravatar.com\/avatar\/36088a98412757fa80f5ec755699904dc651bf39967c68e42d1c3a10675ae5ca?s=96&d=mm&r=g","contentUrl":"https:\/\/secure.gravatar.com\/avatar\/36088a98412757fa80f5ec755699904dc651bf39967c68e42d1c3a10675ae5ca?s=96&d=mm&r=g","caption":"isabel"},"logo":{"@id":"https:\/\/secure.gravatar.com\/avatar\/36088a98412757fa80f5ec755699904dc651bf39967c68e42d1c3a10675ae5ca?s=96&d=mm&r=g"}}]}},"jetpack_sharing_enabled":true,"jetpack_shortlink":"https:\/\/wp.me\/P7sWWM-58","_links":{"self":[{"href":"https:\/\/ferrersenabre.com\/isabel\/wp-json\/wp\/v2\/pages\/318","targetHints":{"allow":["GET"]}}],"collection":[{"href":"https:\/\/ferrersenabre.com\/isabel\/wp-json\/wp\/v2\/pages"}],"about":[{"href":"https:\/\/ferrersenabre.com\/isabel\/wp-json\/wp\/v2\/types\/page"}],"author":[{"embeddable":true,"href":"https:\/\/ferrersenabre.com\/isabel\/wp-json\/wp\/v2\/users\/1"}],"replies":[{"embeddable":true,"href":"https:\/\/ferrersenabre.com\/isabel\/wp-json\/wp\/v2\/comments?post=318"}],"version-history":[{"count":4,"href":"https:\/\/ferrersenabre.com\/isabel\/wp-json\/wp\/v2\/pages\/318\/revisions"}],"predecessor-version":[{"id":322,"href":"https:\/\/ferrersenabre.com\/isabel\/wp-json\/wp\/v2\/pages\/318\/revisions\/322"}],"wp:attachment":[{"href":"https:\/\/ferrersenabre.com\/isabel\/wp-json\/wp\/v2\/media?parent=318"}],"curies":[{"name":"wp","href":"https:\/\/api.w.org\/{rel}","templated":true}]}}